{"id":259,"date":"2024-01-20T14:53:00","date_gmt":"2024-01-20T12:53:00","guid":{"rendered":"https:\/\/laoficinastz.com\/?page_id=259"},"modified":"2024-01-22T11:37:57","modified_gmt":"2024-01-22T10:37:57","slug":"sobre-nosotros","status":"publish","type":"page","link":"https:\/\/laoficinastz.com\/en\/sobre-nosotros\/","title":{"rendered":"About Us"},"content":{"rendered":"<h2>about us<\/h2>\n<ul>\n<li>\n\t\t\t\t\t\t\t\t\t\tHome\n\t\t\t\t\t\t\t\t\t<\/li>\n<li>\n\t\t\t\t\t\t\t\t\t\tWe\n\t\t\t\t\t\t\t\t\t<\/li>\n<\/ul>\n<p>\t\t\t\t\t\t\t\t\t\t\t\t\t\t\t<img loading=\"lazy\" width=\"1024\" height=\"983\" src=\"https:\/\/laoficinastz.com\/wp-content\/uploads\/2024\/01\/cordero-baja-temperatura-1024x983.jpg\" alt=\"cordero baja temperatura\" decoding=\"async\" srcset=\"https:\/\/laoficinastz.com\/wp-content\/uploads\/2024\/01\/cordero-baja-temperatura-1024x983.jpg 1024w, https:\/\/laoficinastz.com\/wp-content\/uploads\/2024\/01\/cordero-baja-temperatura-300x288.jpg 300w, https:\/\/laoficinastz.com\/wp-content\/uploads\/2024\/01\/cordero-baja-temperatura-768x737.jpg 768w, https:\/\/laoficinastz.com\/wp-content\/uploads\/2024\/01\/cordero-baja-temperatura.jpg 1080w\" sizes=\"(max-width: 1024px) 100vw, 1024px\" \/>\t\t\t\t\t\t\t\t\t\t\t\t\t\t\t<\/p>\n<h1>STZ Office<\/h1>\n<p>Welcome to La Oficina STZ, where seafaring tradition and culinary passion intertwine to create a unique experience.<\/p>\n<p>From our roots in Plaza Juan Jos\u00e9 Mendizabal, Santurtzi, we are proud to bring to your table the freshness of each season with an artisan touch.<\/p>\n<h2>Our History<\/h2>\n<p>Discover the story behind La Oficina STZ, a gastronomic corner in the heart of Santurtzi. Since our beginnings in the busy Plaza Juan Jos\u00e9 Mendizabal, we have dedicated every day to turn the freshness of each season into a unique culinary experience.<\/p>\n<p>Our commitment to quality and innovation has led La Oficina STZ to stand out in the local gastronomic scene.<\/p>\n<p>With dishes that reflect the diversity of products from the sea and the land, every visit to our restaurant is an invitation to immerse yourself in the richness of flavors that characterize our land.<\/p>\n<p>\t\t\t\t\t\t\t\t\t\t\t\t\t\t\t<img loading=\"lazy\" width=\"1080\" height=\"1350\" src=\"https:\/\/laoficinastz.com\/wp-content\/uploads\/2024\/01\/sukaldari-santurtzi.jpg\" alt=\"\" decoding=\"async\" srcset=\"https:\/\/laoficinastz.com\/wp-content\/uploads\/2024\/01\/sukaldari-santurtzi.jpg 1080w, https:\/\/laoficinastz.com\/wp-content\/uploads\/2024\/01\/sukaldari-santurtzi-240x300.jpg 240w, https:\/\/laoficinastz.com\/wp-content\/uploads\/2024\/01\/sukaldari-santurtzi-819x1024.jpg 819w, https:\/\/laoficinastz.com\/wp-content\/uploads\/2024\/01\/sukaldari-santurtzi-768x960.jpg 768w\" sizes=\"(max-width: 1080px) 100vw, 1080px\" \/><br \/>\n\t\t\t\t\t\t\t\t\t\t\t\t\t\t\t<img loading=\"lazy\" width=\"1080\" height=\"1350\" src=\"https:\/\/laoficinastz.com\/wp-content\/uploads\/2024\/01\/carpaccio-ventresca.jpg\" alt=\"carpaccio ventresca\" decoding=\"async\" srcset=\"https:\/\/laoficinastz.com\/wp-content\/uploads\/2024\/01\/carpaccio-ventresca.jpg 1080w, https:\/\/laoficinastz.com\/wp-content\/uploads\/2024\/01\/carpaccio-ventresca-240x300.jpg 240w, https:\/\/laoficinastz.com\/wp-content\/uploads\/2024\/01\/carpaccio-ventresca-819x1024.jpg 819w, https:\/\/laoficinastz.com\/wp-content\/uploads\/2024\/01\/carpaccio-ventresca-768x960.jpg 768w\" sizes=\"(max-width: 1080px) 100vw, 1080px\" \/>\t\t\t\t\t\t\t\t\t\t\t\t\t\t\t<\/p>\n<h2>A Gastronomic Experience<\/h2>\n<p>At La Oficina STZ, we not only invite you to eat, but to live a unique culinary experience. Our restaurant is the result of an exceptional combination of tradition, freshness and passion. Each dish we serve is the result of a careful selection of quality ingredients and the application of artisanal culinary techniques.<\/p>\n<p>\t\t\t<a role=\"button\"><br \/>\n\t\t\t\t\t\tView the Charter<br \/>\n\t\t\t\t\t<\/a><\/p>","protected":false},"excerpt":{"rendered":"<p>sobre nosotros Inicio Nosotros La Oficina STZ Bienvenido a La Oficina STZ, donde la tradici\u00f3n marinera y la pasi\u00f3n culinaria se entrelazan para crear una experiencia \u00fanica. Desde nuestras ra\u00edces en Plaza Juan Jos\u00e9 Mendizabal, Santurtzi, nos enorgullece llevar a tu mesa la frescura de cada temporada con un toque artesanal. Nuestra Historia Descubre la [&hellip;]<\/p>\n","protected":false},"author":1,"featured_media":0,"parent":0,"menu_order":0,"comment_status":"closed","ping_status":"closed","template":"","meta":{"_et_pb_use_builder":"","_et_pb_old_content":"","_et_gb_content_width":"","footnotes":""},"class_list":["post-259","page","type-page","status-publish","hentry"],"_links":{"self":[{"href":"https:\/\/laoficinastz.com\/en\/wp-json\/wp\/v2\/pages\/259","targetHints":{"allow":["GET"]}}],"collection":[{"href":"https:\/\/laoficinastz.com\/en\/wp-json\/wp\/v2\/pages"}],"about":[{"href":"https:\/\/laoficinastz.com\/en\/wp-json\/wp\/v2\/types\/page"}],"author":[{"embeddable":true,"href":"https:\/\/laoficinastz.com\/en\/wp-json\/wp\/v2\/users\/1"}],"replies":[{"embeddable":true,"href":"https:\/\/laoficinastz.com\/en\/wp-json\/wp\/v2\/comments?post=259"}],"version-history":[{"count":0,"href":"https:\/\/laoficinastz.com\/en\/wp-json\/wp\/v2\/pages\/259\/revisions"}],"wp:attachment":[{"href":"https:\/\/laoficinastz.com\/en\/wp-json\/wp\/v2\/media?parent=259"}],"curies":[{"name":"wp","href":"https:\/\/api.w.org\/{rel}","templated":true}]}}