{"id":259,"date":"2024-01-20T14:53:00","date_gmt":"2024-01-20T12:53:00","guid":{"rendered":"https:\/\/laoficinastz.com\/?page_id=259"},"modified":"2024-01-22T11:37:57","modified_gmt":"2024-01-22T10:37:57","slug":"sobre-nosotros","status":"publish","type":"page","link":"https:\/\/laoficinastz.com\/es\/sobre-nosotros\/","title":{"rendered":"Sobre Nosotros"},"content":{"rendered":"<h2>sobre nosotros<\/h2>\n<ul>\n<li>\n\t\t\t\t\t\t\t\t\t\tInicio\n\t\t\t\t\t\t\t\t\t<\/li>\n<li>\n\t\t\t\t\t\t\t\t\t\tNosotros\n\t\t\t\t\t\t\t\t\t<\/li>\n<\/ul>\n<p>\t\t\t\t\t\t\t\t\t\t\t\t\t\t\t<img loading=\"lazy\" width=\"1024\" height=\"983\" src=\"https:\/\/laoficinastz.com\/wp-content\/uploads\/2024\/01\/cordero-baja-temperatura-1024x983.jpg\" alt=\"cordero baja temperatura\" decoding=\"async\" srcset=\"https:\/\/laoficinastz.com\/wp-content\/uploads\/2024\/01\/cordero-baja-temperatura-1024x983.jpg 1024w, https:\/\/laoficinastz.com\/wp-content\/uploads\/2024\/01\/cordero-baja-temperatura-300x288.jpg 300w, https:\/\/laoficinastz.com\/wp-content\/uploads\/2024\/01\/cordero-baja-temperatura-768x737.jpg 768w, https:\/\/laoficinastz.com\/wp-content\/uploads\/2024\/01\/cordero-baja-temperatura.jpg 1080w\" sizes=\"(max-width: 1024px) 100vw, 1024px\" \/>\t\t\t\t\t\t\t\t\t\t\t\t\t\t\t<\/p>\n<h1>La Oficina STZ<\/h1>\n<p>Bienvenido a La Oficina STZ, donde la tradici\u00f3n marinera y la pasi\u00f3n culinaria se entrelazan para crear una experiencia \u00fanica.<\/p>\n<p>Desde nuestras ra\u00edces en Plaza Juan Jos\u00e9 Mendizabal, Santurtzi, nos enorgullece llevar a tu mesa la frescura de cada temporada con un toque artesanal.<\/p>\n<h2>Nuestra Historia<\/h2>\n<p>Descubre la historia detr\u00e1s de La Oficina STZ, un rinc\u00f3n gastron\u00f3mico en el coraz\u00f3n de Santurtzi. Desde nuestros inicios en la concurrida Plaza Juan Jos\u00e9 Mendizabal, hemos dedicado cada d\u00eda a convertir la frescura de cada temporada en una experiencia culinaria \u00fanica.<\/p>\n<p>Nuestro compromiso con la calidad y la innovaci\u00f3n ha llevado a La Oficina STZ a destacarse en la escena gastron\u00f3mica local.<\/p>\n<p>Con platos que reflejan la diversidad de productos del mar y de la tierra, cada visita a nuestro restaurante es una invitaci\u00f3n a sumergirse en la riqueza de sabores que caracteriza a nuestra tierra.<\/p>\n<p>\t\t\t\t\t\t\t\t\t\t\t\t\t\t\t<img loading=\"lazy\" width=\"1080\" height=\"1350\" src=\"https:\/\/laoficinastz.com\/wp-content\/uploads\/2024\/01\/sukaldari-santurtzi.jpg\" alt=\"\" decoding=\"async\" srcset=\"https:\/\/laoficinastz.com\/wp-content\/uploads\/2024\/01\/sukaldari-santurtzi.jpg 1080w, https:\/\/laoficinastz.com\/wp-content\/uploads\/2024\/01\/sukaldari-santurtzi-240x300.jpg 240w, https:\/\/laoficinastz.com\/wp-content\/uploads\/2024\/01\/sukaldari-santurtzi-819x1024.jpg 819w, https:\/\/laoficinastz.com\/wp-content\/uploads\/2024\/01\/sukaldari-santurtzi-768x960.jpg 768w\" sizes=\"(max-width: 1080px) 100vw, 1080px\" \/><br \/>\n\t\t\t\t\t\t\t\t\t\t\t\t\t\t\t<img loading=\"lazy\" width=\"1080\" height=\"1350\" src=\"https:\/\/laoficinastz.com\/wp-content\/uploads\/2024\/01\/carpaccio-ventresca.jpg\" alt=\"carpaccio ventresca\" decoding=\"async\" srcset=\"https:\/\/laoficinastz.com\/wp-content\/uploads\/2024\/01\/carpaccio-ventresca.jpg 1080w, https:\/\/laoficinastz.com\/wp-content\/uploads\/2024\/01\/carpaccio-ventresca-240x300.jpg 240w, https:\/\/laoficinastz.com\/wp-content\/uploads\/2024\/01\/carpaccio-ventresca-819x1024.jpg 819w, https:\/\/laoficinastz.com\/wp-content\/uploads\/2024\/01\/carpaccio-ventresca-768x960.jpg 768w\" sizes=\"(max-width: 1080px) 100vw, 1080px\" \/>\t\t\t\t\t\t\t\t\t\t\t\t\t\t\t<\/p>\n<h2>Una Experiencia Gastron\u00f3mica<\/h2>\n<p>En La Oficina STZ, no solo te invitamos a comer, sino a vivir una experiencia culinaria \u00fanica. Nuestro restaurante es el resultado de una combinaci\u00f3n excepcional de tradici\u00f3n, frescura y pasi\u00f3n. Cada plato que servimos es el resultado de una cuidadosa selecci\u00f3n de ingredientes de calidad y la aplicaci\u00f3n de t\u00e9cnicas culinarias artesanales.<\/p>\n<p>\t\t\t<a role=\"button\"><br \/>\n\t\t\t\t\t\tVer la Carta<br \/>\n\t\t\t\t\t<\/a><\/p>\n","protected":false},"excerpt":{"rendered":"<p>sobre nosotros Inicio Nosotros La Oficina STZ Bienvenido a La Oficina STZ, donde la tradici\u00f3n marinera y la pasi\u00f3n culinaria se entrelazan para crear una experiencia \u00fanica. Desde nuestras ra\u00edces en Plaza Juan Jos\u00e9 Mendizabal, Santurtzi, nos enorgullece llevar a tu mesa la frescura de cada temporada con un toque artesanal. Nuestra Historia Descubre la [&hellip;]<\/p>\n","protected":false},"author":1,"featured_media":0,"parent":0,"menu_order":0,"comment_status":"closed","ping_status":"closed","template":"","meta":{"_et_pb_use_builder":"","_et_pb_old_content":"","_et_gb_content_width":"","footnotes":""},"class_list":["post-259","page","type-page","status-publish","hentry"],"_links":{"self":[{"href":"https:\/\/laoficinastz.com\/es\/wp-json\/wp\/v2\/pages\/259","targetHints":{"allow":["GET"]}}],"collection":[{"href":"https:\/\/laoficinastz.com\/es\/wp-json\/wp\/v2\/pages"}],"about":[{"href":"https:\/\/laoficinastz.com\/es\/wp-json\/wp\/v2\/types\/page"}],"author":[{"embeddable":true,"href":"https:\/\/laoficinastz.com\/es\/wp-json\/wp\/v2\/users\/1"}],"replies":[{"embeddable":true,"href":"https:\/\/laoficinastz.com\/es\/wp-json\/wp\/v2\/comments?post=259"}],"version-history":[{"count":0,"href":"https:\/\/laoficinastz.com\/es\/wp-json\/wp\/v2\/pages\/259\/revisions"}],"wp:attachment":[{"href":"https:\/\/laoficinastz.com\/es\/wp-json\/wp\/v2\/media?parent=259"}],"curies":[{"name":"wp","href":"https:\/\/api.w.org\/{rel}","templated":true}]}}